{"id":2566,"date":"2021-09-23T09:39:24","date_gmt":"2021-09-23T07:39:24","guid":{"rendered":"https:\/\/2021.juristische-uebersetzung.eu\/start\/"},"modified":"2026-03-23T17:35:18","modified_gmt":"2026-03-23T16:35:18","slug":"start","status":"publish","type":"page","link":"https:\/\/juristische-uebersetzung.eu\/fr\/","title":{"rendered":"Accueil"},"content":{"rendered":"<section class=\"wpb-content-wrapper\"><p>[vc_row][vc_column][vc_column_text]<\/p>\n<h2>Nous sommes d\u00e9sol\u00e9s de devoir vous informer du d\u00e9c\u00e8s de Renate Wei\u00dfenfels. Ce site web sera bient\u00f4t ferm\u00e9.<\/h2>\n<p>Cordialement<br \/>\nFamille Weissenfels<\/p>\n<p>[\/vc_column_text][\/vc_column][\/vc_row][vc_row el_id=&#8221;home__pf&#8221;][vc_column][vc_column_text el_class=&#8221;home__pf&#8221;]<\/p>\n<div id=\"text-3\" class=\"widget_text\">\n<p>Renate Weissenfels \u00b7 Traductrice dipl\u00f4m\u00e9e et asserment\u00e9e (BD\u00dc) \u00b7 Fran\u00e7ais et Allemand<\/p>\n<div class=\"textwidget\">\n<p>66352 Gro\u00dfrosseln (Sarre) . T\u00e9l.: +49 6809 7116 . <a href=\"mailto:info@traduction-juridique.de\">info@traduction-juridique.de<\/a><\/p>\n<\/div>\n<\/div>\n<p>[\/vc_column_text][\/vc_column][\/vc_row]<\/p>\n<\/section>","protected":false},"excerpt":{"rendered":"<p>[vc_row][vc_column][vc_column_text] Nous sommes d\u00e9sol\u00e9s de devoir vous informer du d\u00e9c\u00e8s de Renate Wei\u00dfenfels. Ce site web sera bient\u00f4t ferm\u00e9. Cordialement&#8230;<\/p>\n","protected":false},"author":1,"featured_media":0,"parent":0,"menu_order":0,"comment_status":"closed","ping_status":"closed","template":"","meta":[],"yoast_head":"<!-- This site is optimized with the Yoast SEO plugin v20.1 - https:\/\/yoast.com\/wordpress\/plugins\/seo\/ -->\n<title>Traductions juridiques certifi\u00e9es Allemand - Fran\u00e7ais<\/title>\n<meta name=\"description\" content=\"Traductrice asserment\u00e9e pour traduire vos documents juridiques, financiers et \u00e9conomiques.\" \/>\n<meta name=\"robots\" content=\"index, follow, max-snippet:-1, max-image-preview:large, max-video-preview:-1\" \/>\n<link rel=\"canonical\" href=\"https:\/\/juristische-uebersetzung.eu\/fr\/\" \/>\n<meta property=\"og:locale\" content=\"fr_FR\" \/>\n<meta property=\"og:type\" content=\"article\" \/>\n<meta property=\"og:title\" content=\"Traductions juridiques certifi\u00e9es Allemand - Fran\u00e7ais\" \/>\n<meta property=\"og:description\" content=\"Traductrice asserment\u00e9e pour traduire vos documents juridiques, financiers et \u00e9conomiques.\" \/>\n<meta property=\"og:url\" content=\"https:\/\/juristische-uebersetzung.eu\/fr\/\" \/>\n<meta property=\"og:site_name\" content=\"Renate Wei\u00dfenfels\" \/>\n<meta property=\"article:modified_time\" content=\"2026-03-23T16:35:18+00:00\" \/>\n<meta name=\"twitter:card\" content=\"summary_large_image\" \/>\n<meta name=\"twitter:label1\" content=\"Dur\u00e9e de lecture estim\u00e9e\" \/>\n\t<meta name=\"twitter:data1\" content=\"1 minute\" \/>\n<script type=\"application\/ld+json\" class=\"yoast-schema-graph\">{\"@context\":\"https:\/\/schema.org\",\"@graph\":[{\"@type\":\"WebPage\",\"@id\":\"https:\/\/juristische-uebersetzung.eu\/fr\/\",\"url\":\"https:\/\/juristische-uebersetzung.eu\/fr\/\",\"name\":\"Traductions juridiques certifi\u00e9es Allemand - Fran\u00e7ais\",\"isPartOf\":{\"@id\":\"https:\/\/juristische-uebersetzung.eu\/fr\/#website\"},\"datePublished\":\"2021-09-23T07:39:24+00:00\",\"dateModified\":\"2026-03-23T16:35:18+00:00\",\"description\":\"Traductrice asserment\u00e9e pour traduire vos documents juridiques, financiers et \u00e9conomiques.\",\"breadcrumb\":{\"@id\":\"https:\/\/juristische-uebersetzung.eu\/fr\/#breadcrumb\"},\"inLanguage\":\"fr-FR\",\"potentialAction\":[{\"@type\":\"ReadAction\",\"target\":[\"https:\/\/juristische-uebersetzung.eu\/fr\/\"]}]},{\"@type\":\"BreadcrumbList\",\"@id\":\"https:\/\/juristische-uebersetzung.eu\/fr\/#breadcrumb\",\"itemListElement\":[{\"@type\":\"ListItem\",\"position\":1,\"name\":\"Startseite\",\"item\":\"https:\/\/juristische-uebersetzung.eu\/fr\/\"},{\"@type\":\"ListItem\",\"position\":2,\"name\":\"Accueil\"}]},{\"@type\":\"WebSite\",\"@id\":\"https:\/\/juristische-uebersetzung.eu\/fr\/#website\",\"url\":\"https:\/\/juristische-uebersetzung.eu\/fr\/\",\"name\":\"Renate Wei\u00dfenfels\",\"description\":\"Juristische \u00dcbersetzungen franz\u00f6sisch deutsch\",\"potentialAction\":[{\"@type\":\"SearchAction\",\"target\":{\"@type\":\"EntryPoint\",\"urlTemplate\":\"https:\/\/juristische-uebersetzung.eu\/fr\/?s={search_term_string}\"},\"query-input\":\"required name=search_term_string\"}],\"inLanguage\":\"fr-FR\"}]}<\/script>\n<!-- \/ Yoast SEO plugin. -->","yoast_head_json":{"title":"Traductions juridiques certifi\u00e9es Allemand - Fran\u00e7ais","description":"Traductrice asserment\u00e9e pour traduire vos documents juridiques, financiers et \u00e9conomiques.","robots":{"index":"index","follow":"follow","max-snippet":"max-snippet:-1","max-image-preview":"max-image-preview:large","max-video-preview":"max-video-preview:-1"},"canonical":"https:\/\/juristische-uebersetzung.eu\/fr\/","og_locale":"fr_FR","og_type":"article","og_title":"Traductions juridiques certifi\u00e9es Allemand - Fran\u00e7ais","og_description":"Traductrice asserment\u00e9e pour traduire vos documents juridiques, financiers et \u00e9conomiques.","og_url":"https:\/\/juristische-uebersetzung.eu\/fr\/","og_site_name":"Renate Wei\u00dfenfels","article_modified_time":"2026-03-23T16:35:18+00:00","twitter_card":"summary_large_image","twitter_misc":{"Dur\u00e9e de lecture estim\u00e9e":"1 minute"},"schema":{"@context":"https:\/\/schema.org","@graph":[{"@type":"WebPage","@id":"https:\/\/juristische-uebersetzung.eu\/fr\/","url":"https:\/\/juristische-uebersetzung.eu\/fr\/","name":"Traductions juridiques certifi\u00e9es Allemand - Fran\u00e7ais","isPartOf":{"@id":"https:\/\/juristische-uebersetzung.eu\/fr\/#website"},"datePublished":"2021-09-23T07:39:24+00:00","dateModified":"2026-03-23T16:35:18+00:00","description":"Traductrice asserment\u00e9e pour traduire vos documents juridiques, financiers et \u00e9conomiques.","breadcrumb":{"@id":"https:\/\/juristische-uebersetzung.eu\/fr\/#breadcrumb"},"inLanguage":"fr-FR","potentialAction":[{"@type":"ReadAction","target":["https:\/\/juristische-uebersetzung.eu\/fr\/"]}]},{"@type":"BreadcrumbList","@id":"https:\/\/juristische-uebersetzung.eu\/fr\/#breadcrumb","itemListElement":[{"@type":"ListItem","position":1,"name":"Startseite","item":"https:\/\/juristische-uebersetzung.eu\/fr\/"},{"@type":"ListItem","position":2,"name":"Accueil"}]},{"@type":"WebSite","@id":"https:\/\/juristische-uebersetzung.eu\/fr\/#website","url":"https:\/\/juristische-uebersetzung.eu\/fr\/","name":"Renate Wei\u00dfenfels","description":"Juristische \u00dcbersetzungen franz\u00f6sisch deutsch","potentialAction":[{"@type":"SearchAction","target":{"@type":"EntryPoint","urlTemplate":"https:\/\/juristische-uebersetzung.eu\/fr\/?s={search_term_string}"},"query-input":"required name=search_term_string"}],"inLanguage":"fr-FR"}]}},"_links":{"self":[{"href":"https:\/\/juristische-uebersetzung.eu\/fr\/wp-json\/wp\/v2\/pages\/2566"}],"collection":[{"href":"https:\/\/juristische-uebersetzung.eu\/fr\/wp-json\/wp\/v2\/pages"}],"about":[{"href":"https:\/\/juristische-uebersetzung.eu\/fr\/wp-json\/wp\/v2\/types\/page"}],"author":[{"embeddable":true,"href":"https:\/\/juristische-uebersetzung.eu\/fr\/wp-json\/wp\/v2\/users\/1"}],"replies":[{"embeddable":true,"href":"https:\/\/juristische-uebersetzung.eu\/fr\/wp-json\/wp\/v2\/comments?post=2566"}],"version-history":[{"count":5,"href":"https:\/\/juristische-uebersetzung.eu\/fr\/wp-json\/wp\/v2\/pages\/2566\/revisions"}],"predecessor-version":[{"id":2793,"href":"https:\/\/juristische-uebersetzung.eu\/fr\/wp-json\/wp\/v2\/pages\/2566\/revisions\/2793"}],"wp:attachment":[{"href":"https:\/\/juristische-uebersetzung.eu\/fr\/wp-json\/wp\/v2\/media?parent=2566"}],"curies":[{"name":"wp","href":"https:\/\/api.w.org\/{rel}","templated":true}]}}