{"id":2636,"date":"2013-05-23T15:51:43","date_gmt":"2013-05-23T13:51:43","guid":{"rendered":"https:\/\/2021.juristische-uebersetzung.eu\/kontakt\/"},"modified":"2023-02-17T12:11:16","modified_gmt":"2023-02-17T11:11:16","slug":"contact","status":"publish","type":"page","link":"https:\/\/juristische-uebersetzung.eu\/fr\/contact\/","title":{"rendered":"Contact"},"content":{"rendered":"<section class=\"wpb-content-wrapper\"><p>[vc_row][vc_column width=&#8221;2\/3&#8243;][vc_column_text]<\/p>\n<div class=\"elementor-element elementor-element-273142e elementor-widget elementor-widget-text-editor\" data-id=\"273142e\" data-element_type=\"widget\" data-widget_type=\"text-editor.default\">\n<div class=\"elementor-widget-container\">\n<div class=\"elementor-text-editor elementor-clearfix\">\n<h2>Voici mes coordonn\u00e9es<\/h2>\n<\/div>\n<\/div>\n<\/div>\n<section class=\"elementor-section elementor-inner-section elementor-element elementor-element-1848c472 elementor-section-boxed elementor-section-height-default elementor-section-height-default\" data-id=\"1848c472\" data-element_type=\"section\">\n<div class=\"elementor-container elementor-column-gap-default\">\n<div class=\"elementor-row\">\n<div class=\"elementor-column elementor-col-66 elementor-inner-column elementor-element elementor-element-7dcc198c\" data-id=\"7dcc198c\" data-element_type=\"column\">\n<div class=\"elementor-column-wrap elementor-element-populated\">\n<div class=\"elementor-widget-wrap\">\n<div class=\"elementor-element elementor-element-49cfe987 elementor-widget elementor-widget-text-editor\" data-id=\"49cfe987\" data-element_type=\"widget\" data-widget_type=\"text-editor.default\">\n<div class=\"elementor-widget-container\">\n<div class=\"elementor-text-editor elementor-clearfix\">\n<p><strong><br \/>\nweissen<\/strong>fels<br \/>\ntraductions juridiques<br \/>\nfran\u00e7ais \u2013 allemand<\/p>\n<p>Renate Weissenfels<br \/>\nNassweilerstra\u00dfe 55<br \/>\n66352 Gro\u00dfrosseln (Sarre)<br \/>\nAllemagne<\/p>\n<p>T\u00e9l.: +49 6809 7116<br \/>\nFax\u00a0: +49 6809 7387<br \/>\n<a target=\"_blank\" rel=\"noopener noreferrer\">info@traduction-juridique.de<\/a><br \/>\n<a href=\"http:\/\/www.traduction-juridique.de\">www.traduction-juridique.de<\/a><\/p>\n<\/div>\n<\/div>\n<\/div>\n<\/div>\n<\/div>\n<\/div>\n<\/div>\n<\/div>\n<\/section>\n<p>[\/vc_column_text][\/vc_column][vc_column width=&#8221;1\/3&#8243;][vc_column_text]<img decoding=\"async\" class=\"alignnone size-full wp-image-2732\" src=\"https:\/\/juristische-uebersetzung.eu\/wp-content\/uploads\/2021\/10\/IMG_2387_q_opt.jpg\" alt=\"\" width=\"375\" height=\"375\" srcset=\"https:\/\/juristische-uebersetzung.eu\/wp-content\/uploads\/2021\/10\/IMG_2387_q_opt.jpg 375w, https:\/\/juristische-uebersetzung.eu\/wp-content\/uploads\/2021\/10\/IMG_2387_q_opt-300x300.jpg 300w, https:\/\/juristische-uebersetzung.eu\/wp-content\/uploads\/2021\/10\/IMG_2387_q_opt-150x150.jpg 150w, https:\/\/juristische-uebersetzung.eu\/wp-content\/uploads\/2021\/10\/IMG_2387_q_opt-256x256.jpg 256w\" sizes=\"(max-width: 375px) 100vw, 375px\" \/>[\/vc_column_text][\/vc_column][\/vc_row][vc_row][vc_column]<div role=\"form\" class=\"wpcf7\" id=\"wpcf7-f2639-o1\" lang=\"fr-FR\" dir=\"ltr\">\n<div class=\"screen-reader-response\"><p role=\"status\" aria-live=\"polite\" aria-atomic=\"true\"><\/p> <ul><\/ul><\/div>\n<form action=\"\/fr\/wp-json\/wp\/v2\/pages\/2636#wpcf7-f2639-o1\" method=\"post\" class=\"wpcf7-form init\" enctype=\"multipart\/form-data\" novalidate=\"novalidate\" data-status=\"init\">\n<div style=\"display: none;\">\n<input type=\"hidden\" name=\"_wpcf7\" value=\"2639\" \/>\n<input type=\"hidden\" name=\"_wpcf7_version\" value=\"5.6.4\" \/>\n<input type=\"hidden\" name=\"_wpcf7_locale\" value=\"fr_FR\" \/>\n<input type=\"hidden\" name=\"_wpcf7_unit_tag\" value=\"wpcf7-f2639-o1\" \/>\n<input type=\"hidden\" name=\"_wpcf7_container_post\" value=\"0\" \/>\n<input type=\"hidden\" name=\"_wpcf7_posted_data_hash\" value=\"\" \/>\n<\/div>\n<div class=\"contactform\">\n<h4><a name=\"kontaktformular1\"><\/a>Formulaire de contact<\/h4>\n<div>Ci-apr\u00e8s, vous pouvez poser votre question ou demander un devis gratuit et sans engagement pour vous. Indiquez tout simplement votre nom et votre adresse e-mail et t\u00e9l\u00e9chargez le fichier \u00e0 traduire.<\/div>\n<p><\/p>\n<div class=\"contactcolleft\">\n<p>Nom<br \/>\n<span class=\"wpcf7-form-control-wrap\" data-name=\"nom\"><input type=\"text\" name=\"nom\" value=\"\" size=\"40\" class=\"wpcf7-form-control wpcf7-text wpcf7-validates-as-required\" aria-required=\"true\" aria-invalid=\"false\" \/><\/span><\/p>\n<p>Adresse email<span style=\"red !important;\">*<\/span><br \/>\n<span class=\"wpcf7-form-control-wrap\" data-name=\"emailadresse\"><input type=\"email\" name=\"emailadresse\" value=\"\" size=\"40\" class=\"wpcf7-form-control wpcf7-text wpcf7-email wpcf7-validates-as-required wpcf7-validates-as-email\" aria-required=\"true\" aria-invalid=\"false\" \/><\/span><\/p>\n<p>T\u00e9l\u00e9phone<br \/>\n<span class=\"wpcf7-form-control-wrap\" data-name=\"telefon\"><input type=\"text\" name=\"telefon\" value=\"\" size=\"40\" class=\"wpcf7-form-control wpcf7-text\" aria-invalid=\"false\" \/><\/span><\/p>\n<\/div>\n<div class=\"contactcolright\">\n<p>T\u00e9l\u00e9charger le fichier<br \/>\n<span class=\"wpcf7-form-control-wrap\" data-name=\"file-456\"><input type=\"file\" name=\"file-456\" size=\"40\" class=\"wpcf7-form-control wpcf7-file\" accept=\".pdf,.docx,.jpeg,.jpg\" aria-invalid=\"false\" \/><\/span><\/p>\n<p>Message <span style=\"red !important;\">*<\/span><br \/>\n<span class=\"wpcf7-form-control-wrap\" data-name=\"nachricht\"><textarea name=\"nachricht\" cols=\"40\" rows=\"10\" class=\"wpcf7-form-control wpcf7-textarea\" aria-invalid=\"false\"><\/textarea><\/span><\/p>\n<p style=\"font-weight: normal;\">Ce formulaire recueille et traite votre nom et votre adresse \u00e9lectronique. En utilisant ce formulaire, vous consentez au stockage et au traitement de vos donn\u00e9es par ce site web. Vous trouverez de plus amples informations et des instructions sur le retrait de votre consentement sous <a href=\"https:\/\/juristische-uebersetzung.eu\/fr\/protection-des-donnees\/\">Protection des donn\u00e9es<\/a>.<\/p>\n<p><span class=\"wpcf7-form-control-wrap kc_captcha cf7ic-toggle\" data-name=\"kc_captcha\"><span class=\"wpcf7-form-control wpcf7-radio\"> \n    <span class=\"captcha-image\" style=\"display: none;\">\n        <span class=\"cf7ic_instructions\">Veuillez prouver que vous \u00eates humain en s\u00e9lectionnant <span> Cl\u00e9<\/span>.<\/span><label><input type=\"radio\" name=\"kc_captcha\" value=\"bot\" \/><svg width=\"50\" height=\"50\" aria-hidden=\"true\" role=\"img\" xmlns=\"http:\/\/www.w3.org\/2000\/svg\" viewBox=\"0 0 512 512\"><path fill=\"currentColor\" d=\"M350 99c-54 0-98-35-166-35-25 0-47 4-68 12a56 56 0 004-24C118 24 95 1 66 0a56 56 0 00-34 102v386c0 13 11 24 24 24h16c13 0 24-11 24-24v-94c28-12 64-23 114-23 54 0 98 35 166 35 48 0 86-16 122-41 9-6 14-15 14-26V96c0-23-24-39-45-29-35 16-77 32-117 32z\"\/><\/svg><\/label><label><input type=\"radio\" name=\"kc_captcha\" value=\"kc_human\" \/><svg width=\"50\" height=\"50\" aria-hidden=\"true\" role=\"img\" xmlns=\"http:\/\/www.w3.org\/2000\/svg\" viewBox=\"0 0 512 512\"><path fill=\"currentColor\" d=\"M512 176a176 176 0 01-209 173l-24 27a24 24 0 01-18 8h-37v40c0 13-11 24-24 24h-40v40c0 13-11 24-24 24H24c-13 0-24-11-24-24v-78c0-6 3-13 7-17l162-162a176 176 0 11343-55zm-176-48a48 48 0 1096 0 48 48 0 00-96 0z\"\/><\/svg><\/label><label><input type=\"radio\" name=\"kc_captcha\" value=\"bot\" \/><svg width=\"50\" height=\"50\" aria-hidden=\"true\" role=\"img\" xmlns=\"http:\/\/www.w3.org\/2000\/svg\" viewBox=\"0 0 640 512\"><path fill=\"currentColor\" d=\"M624 352h-16V244c0-13-5-25-14-34L494 110c-9-9-21-14-34-14h-44V48c0-26-21-48-48-48H48C22 0 0 22 0 48v320c0 27 22 48 48 48h16a96 96 0 00192 0h128a96 96 0 00192 0h48c9 0 16-7 16-16v-32c0-9-7-16-16-16zM160 464a48 48 0 110-96 48 48 0 010 96zm320 0a48 48 0 110-96 48 48 0 010 96zm80-208H416V144h44l100 100v12z\"\/><\/svg><\/label>\n    <\/span>\n    <span style=\"display:none\">\n        <input type=\"text\" name=\"kc_honeypot\">\n    <\/span><\/span><\/span><\/p>\n<p><input type=\"submit\" value=\"Envoyer\" class=\"wpcf7-form-control has-spinner wpcf7-submit\" id=\"senden\" \/><\/p>\n<\/div>\n<\/div>\n<div class=\"wpcf7-response-output\" aria-hidden=\"true\"><\/div>\n<\/form><\/div>[\/vc_column][\/vc_row]<\/p>\n<\/section>","protected":false},"excerpt":{"rendered":"<p>[vc_row][vc_column width=&#8221;2\/3&#8243;][vc_column_text] Voici mes coordonn\u00e9es weissenfels traductions juridiques fran\u00e7ais \u2013 allemand Renate Weissenfels Nassweilerstra\u00dfe 55 66352 Gro\u00dfrosseln (Sarre) Allemagne T\u00e9l.:&#8230;<\/p>\n","protected":false},"author":1,"featured_media":0,"parent":0,"menu_order":5,"comment_status":"closed","ping_status":"open","template":"","meta":[],"yoast_head":"<!-- This site is optimized with the Yoast SEO plugin v20.1 - https:\/\/yoast.com\/wordpress\/plugins\/seo\/ -->\n<title>Traductions certifi\u00e9es en allemand<\/title>\n<meta name=\"description\" content=\"Traduction de tous vos documents et actes tels que bulletins, dipl\u00f4mes, contrats, KBIS, statuts, jugements, sites web, rapports de gestion etc\" \/>\n<meta name=\"robots\" content=\"index, follow, max-snippet:-1, max-image-preview:large, max-video-preview:-1\" \/>\n<link rel=\"canonical\" href=\"https:\/\/juristische-uebersetzung.eu\/fr\/contact\/\" \/>\n<meta property=\"og:locale\" content=\"fr_FR\" \/>\n<meta property=\"og:type\" content=\"article\" \/>\n<meta property=\"og:title\" content=\"Traductions certifi\u00e9es en allemand\" \/>\n<meta property=\"og:description\" content=\"Traduction de tous vos documents et actes tels que bulletins, dipl\u00f4mes, contrats, KBIS, statuts, jugements, sites web, rapports de gestion etc\" \/>\n<meta property=\"og:url\" content=\"https:\/\/juristische-uebersetzung.eu\/fr\/contact\/\" \/>\n<meta property=\"og:site_name\" content=\"Renate Wei\u00dfenfels\" \/>\n<meta property=\"article:modified_time\" content=\"2023-02-17T11:11:16+00:00\" \/>\n<meta property=\"og:image\" content=\"https:\/\/juristische-uebersetzung.eu\/wp-content\/uploads\/2021\/10\/IMG_2387_q_opt.jpg\" \/>\n<meta name=\"twitter:card\" content=\"summary_large_image\" \/>\n<meta name=\"twitter:label1\" content=\"Dur\u00e9e de lecture estim\u00e9e\" \/>\n\t<meta name=\"twitter:data1\" content=\"1 minute\" \/>\n<script type=\"application\/ld+json\" class=\"yoast-schema-graph\">{\"@context\":\"https:\/\/schema.org\",\"@graph\":[{\"@type\":\"WebPage\",\"@id\":\"https:\/\/juristische-uebersetzung.eu\/fr\/contact\/\",\"url\":\"https:\/\/juristische-uebersetzung.eu\/fr\/contact\/\",\"name\":\"Traductions certifi\u00e9es en allemand\",\"isPartOf\":{\"@id\":\"https:\/\/juristische-uebersetzung.eu\/fr\/#website\"},\"datePublished\":\"2013-05-23T13:51:43+00:00\",\"dateModified\":\"2023-02-17T11:11:16+00:00\",\"description\":\"Traduction de tous vos documents et actes tels que bulletins, dipl\u00f4mes, contrats, KBIS, statuts, jugements, sites web, rapports de gestion etc\",\"breadcrumb\":{\"@id\":\"https:\/\/juristische-uebersetzung.eu\/fr\/contact\/#breadcrumb\"},\"inLanguage\":\"fr-FR\",\"potentialAction\":[{\"@type\":\"ReadAction\",\"target\":[\"https:\/\/juristische-uebersetzung.eu\/fr\/contact\/\"]}]},{\"@type\":\"BreadcrumbList\",\"@id\":\"https:\/\/juristische-uebersetzung.eu\/fr\/contact\/#breadcrumb\",\"itemListElement\":[{\"@type\":\"ListItem\",\"position\":1,\"name\":\"Startseite\",\"item\":\"https:\/\/juristische-uebersetzung.eu\/fr\/\"},{\"@type\":\"ListItem\",\"position\":2,\"name\":\"Contact\"}]},{\"@type\":\"WebSite\",\"@id\":\"https:\/\/juristische-uebersetzung.eu\/fr\/#website\",\"url\":\"https:\/\/juristische-uebersetzung.eu\/fr\/\",\"name\":\"Renate Wei\u00dfenfels\",\"description\":\"Juristische \u00dcbersetzungen franz\u00f6sisch deutsch\",\"potentialAction\":[{\"@type\":\"SearchAction\",\"target\":{\"@type\":\"EntryPoint\",\"urlTemplate\":\"https:\/\/juristische-uebersetzung.eu\/fr\/?s={search_term_string}\"},\"query-input\":\"required name=search_term_string\"}],\"inLanguage\":\"fr-FR\"}]}<\/script>\n<!-- \/ Yoast SEO plugin. -->","yoast_head_json":{"title":"Traductions certifi\u00e9es en allemand","description":"Traduction de tous vos documents et actes tels que bulletins, dipl\u00f4mes, contrats, KBIS, statuts, jugements, sites web, rapports de gestion etc","robots":{"index":"index","follow":"follow","max-snippet":"max-snippet:-1","max-image-preview":"max-image-preview:large","max-video-preview":"max-video-preview:-1"},"canonical":"https:\/\/juristische-uebersetzung.eu\/fr\/contact\/","og_locale":"fr_FR","og_type":"article","og_title":"Traductions certifi\u00e9es en allemand","og_description":"Traduction de tous vos documents et actes tels que bulletins, dipl\u00f4mes, contrats, KBIS, statuts, jugements, sites web, rapports de gestion etc","og_url":"https:\/\/juristische-uebersetzung.eu\/fr\/contact\/","og_site_name":"Renate Wei\u00dfenfels","article_modified_time":"2023-02-17T11:11:16+00:00","og_image":[{"url":"https:\/\/juristische-uebersetzung.eu\/wp-content\/uploads\/2021\/10\/IMG_2387_q_opt.jpg"}],"twitter_card":"summary_large_image","twitter_misc":{"Dur\u00e9e de lecture estim\u00e9e":"1 minute"},"schema":{"@context":"https:\/\/schema.org","@graph":[{"@type":"WebPage","@id":"https:\/\/juristische-uebersetzung.eu\/fr\/contact\/","url":"https:\/\/juristische-uebersetzung.eu\/fr\/contact\/","name":"Traductions certifi\u00e9es en allemand","isPartOf":{"@id":"https:\/\/juristische-uebersetzung.eu\/fr\/#website"},"datePublished":"2013-05-23T13:51:43+00:00","dateModified":"2023-02-17T11:11:16+00:00","description":"Traduction de tous vos documents et actes tels que bulletins, dipl\u00f4mes, contrats, KBIS, statuts, jugements, sites web, rapports de gestion etc","breadcrumb":{"@id":"https:\/\/juristische-uebersetzung.eu\/fr\/contact\/#breadcrumb"},"inLanguage":"fr-FR","potentialAction":[{"@type":"ReadAction","target":["https:\/\/juristische-uebersetzung.eu\/fr\/contact\/"]}]},{"@type":"BreadcrumbList","@id":"https:\/\/juristische-uebersetzung.eu\/fr\/contact\/#breadcrumb","itemListElement":[{"@type":"ListItem","position":1,"name":"Startseite","item":"https:\/\/juristische-uebersetzung.eu\/fr\/"},{"@type":"ListItem","position":2,"name":"Contact"}]},{"@type":"WebSite","@id":"https:\/\/juristische-uebersetzung.eu\/fr\/#website","url":"https:\/\/juristische-uebersetzung.eu\/fr\/","name":"Renate Wei\u00dfenfels","description":"Juristische \u00dcbersetzungen franz\u00f6sisch deutsch","potentialAction":[{"@type":"SearchAction","target":{"@type":"EntryPoint","urlTemplate":"https:\/\/juristische-uebersetzung.eu\/fr\/?s={search_term_string}"},"query-input":"required name=search_term_string"}],"inLanguage":"fr-FR"}]}},"_links":{"self":[{"href":"https:\/\/juristische-uebersetzung.eu\/fr\/wp-json\/wp\/v2\/pages\/2636"}],"collection":[{"href":"https:\/\/juristische-uebersetzung.eu\/fr\/wp-json\/wp\/v2\/pages"}],"about":[{"href":"https:\/\/juristische-uebersetzung.eu\/fr\/wp-json\/wp\/v2\/types\/page"}],"author":[{"embeddable":true,"href":"https:\/\/juristische-uebersetzung.eu\/fr\/wp-json\/wp\/v2\/users\/1"}],"replies":[{"embeddable":true,"href":"https:\/\/juristische-uebersetzung.eu\/fr\/wp-json\/wp\/v2\/comments?post=2636"}],"version-history":[{"count":2,"href":"https:\/\/juristische-uebersetzung.eu\/fr\/wp-json\/wp\/v2\/pages\/2636\/revisions"}],"predecessor-version":[{"id":2907,"href":"https:\/\/juristische-uebersetzung.eu\/fr\/wp-json\/wp\/v2\/pages\/2636\/revisions\/2907"}],"wp:attachment":[{"href":"https:\/\/juristische-uebersetzung.eu\/fr\/wp-json\/wp\/v2\/media?parent=2636"}],"curies":[{"name":"wp","href":"https:\/\/api.w.org\/{rel}","templated":true}]}}