{"id":2667,"date":"2021-10-07T12:05:54","date_gmt":"2021-10-07T10:05:54","guid":{"rendered":"https:\/\/2021.juristische-uebersetzung.eu\/datenschutz\/"},"modified":"2021-10-15T13:57:52","modified_gmt":"2021-10-15T11:57:52","slug":"protection-des-donnees","status":"publish","type":"page","link":"https:\/\/juristische-uebersetzung.eu\/fr\/protection-des-donnees\/","title":{"rendered":"Protection des donn\u00e9es"},"content":{"rendered":"<h2>D\u00e9claration de confidentialit\u00e9<\/h2>\n<h2>1. Aper\u00e7u sommaire sur la protection des donn\u00e9es<\/h2>\n<h3>G\u00e9n\u00e9ralit\u00e9s<\/h3>\n<p>Les informations suivantes vous donnent un aper\u00e7u de la mani\u00e8re dont nous traitons vos donn\u00e9es \u00e0 caract\u00e8re personnel lorsque vous visitez notre site web. Par donn\u00e9es \u00e0 caract\u00e8re personnel sont entendues toutes les donn\u00e9es sur la base desquelles vous pourrez \u00eatre identifi\u00e9. Vous trouverez des informations d\u00e9taill\u00e9es au sujet de la protection des donn\u00e9es dans la d\u00e9claration de confidentialit\u00e9 ci-dessus.<\/p>\n<h3>Collecte de donn\u00e9es sur notre site<\/h3>\n<p><strong>Qui est la personne responsable de la collecte de donn\u00e9es sur ce site web\u00a0?<\/strong><\/p>\n<p>Le traitement de donn\u00e9es sur ce site web est effectu\u00e9 par le propri\u00e9taire du site web. Vous trouvez ses coordonn\u00e9es dans les mentions l\u00e9gales de ce site.<\/p>\n<p><strong>Comment collectons-nous vos donn\u00e9es\u00a0?<\/strong><\/p>\n<p>D&#8217;une part vos donn\u00e9es seront collect\u00e9es parce que vous nous les transmettez. Il peut s&#8217;agir par exemple de donn\u00e9es que vous saisissez dans un formulaire de contact.<\/p>\n<p>D&#8217;autres donn\u00e9es sont collect\u00e9es automatiquement par nos syst\u00e8mes \u00e9lectroniques lors de votre visite du site. Il s&#8217;agit notamment de donn\u00e9es techniques (p.ex. navigateur, syst\u00e8me d&#8217;exploitation ou heure de la consultation de la page web). Ces donn\u00e9es sont collect\u00e9es automatiquement lorsque vous acc\u00e9dez \u00e0 notre site web.<\/p>\n<p><strong>A quelles fins utilisons-nous vos donn\u00e9es\u00a0?<\/strong><\/p>\n<p>Une partie des donn\u00e9es est collect\u00e9e afin d&#8217;assurer une mise \u00e0 disposition correcte du site. D&#8217;autres donn\u00e9es peuvent \u00eatre utilis\u00e9es pour analyser le comportement de l&#8217;utilisateur.<\/p>\n<p><strong>Quels sont vos droits concernant vos donn\u00e9es<\/strong><strong>\u00a0<\/strong><strong>?<\/strong><\/p>\n<p>Vous avez le droit de recevoir \u00e0 tout moment, gratuitement, des renseignements sur l&#8217;origine, les destinataires et les fins des donn\u00e9es \u00e0 caract\u00e8re personnel enregistr\u00e9es vous concernant. Par ailleurs, vous avez le droit de demander la rectification, le blocage ou l&#8217;effacement de ces donn\u00e9es. A ce propos ainsi que pour d&#8217;autres questions au sujet de la protection des donn\u00e9es, vous pouvez vous adresser \u00e0 tout moment \u00e0 l&#8217;adresse indiqu\u00e9e dans les mentions l\u00e9gales. En outre, vous disposez d&#8217;un droit de r\u00e9clamation aupr\u00e8s de l&#8217;autorit\u00e9 de contr\u00f4le comp\u00e9tente.<\/p>\n<h3>Outils d&#8217;analyse et outils de tiers<\/h3>\n<p>Lors de la visite de notre site web votre comportement de navigation peut \u00eatre analys\u00e9. Cela se fait surtout par le biais de cookies ou \u00e0 l&#8217;aide de programmes d&#8217;analyse. L&#8217;analyse de votre comportement de navigation se fait en g\u00e9n\u00e9ral de mani\u00e8re anonyme ; le comportement de navigation n&#8217;est pas tra\u00e7able. Vous pouvez vous opposer \u00e0 cette analyse ou l&#8217;emp\u00eacher par la non-utilisation de certains outils. Vous trouverez des informations d\u00e9taill\u00e9es \u00e0 ce sujet dans la pr\u00e9sente d\u00e9claration de confidentialit\u00e9.<\/p>\n<p>Vous pouvez vous opposer \u00e0 cette analyse. Nous vous informerons des possibilit\u00e9s d&#8217;opposition dans cette d\u00e9claration de confidentialit\u00e9.<\/p>\n<h3>2. Renseignement g\u00e9n\u00e9raux et informations obligatoires<\/h3>\n<h3>Protection des donn\u00e9es<\/h3>\n<p>Les responsables de ces pages prennent la protection de vos donn\u00e9es personnelles tr\u00e8s au s\u00e9rieux. Nous traitons vos donn\u00e9es \u00e0 caract\u00e8re personnel de mani\u00e8re confidentielle et conform\u00e9ment \u00e0 la r\u00e9glementation en mati\u00e8re de protection de donn\u00e9es ainsi que la pr\u00e9sente d\u00e9claration de confidentialit\u00e9.<\/p>\n<p>Lorsque vous utilisez ce site web, diff\u00e9rentes donn\u00e9es \u00e0 caract\u00e8re personnel sont collect\u00e9es. Par donn\u00e9es \u00e0 caract\u00e8re personnel sont entendues les donn\u00e9es sur la base desquelles vous pouvez \u00eatre identifi\u00e9. La pr\u00e9sente d\u00e9claration de confidentialit\u00e9 explique quelles donn\u00e9es nous collectons et dans quel but elles sont utilis\u00e9es. Elle pr\u00e9cise \u00e9galement comment et \u00e0 quelle fin cela s&#8217;effectue.<\/p>\n<p>Nous attirons votre attention sur le fait que la transmission de donn\u00e9es sur Internet (par exemple lors de la communication par courrier \u00e9lectronique) peut pr\u00e9senter des failles de s\u00e9curit\u00e9. Une protection totale des donn\u00e9es contre l&#8217;acc\u00e8s par des tiers n&#8217;est pas possible.<\/p>\n<h3>Note concernant le responsable de traitement<\/h3>\n<p>La responsable du traitement de donn\u00e9es sur ce site web est\u00a0:<\/p>\n<p>Renate Weissenfels<br \/>\nTraductrice asserment\u00e9e (BD\u00dc)<br \/>\nNassweilerstra\u00dfe 55<br \/>\nD \u2013 66352 Grossrosseln<\/p>\n<p>T\u00e9l.\u00a0: +49 6809 7116<br \/>\nE-Mail: info@traduction-juridique.de<\/p>\n<p>Le responsable du traitement est la personne physique ou morale, qui d\u00e9cide seule ou ensemble avec d&#8217;autres personnes des fins et des moyens du traitement de donn\u00e9es \u00e0 caract\u00e8re personnel (p.ex. noms, adresses e-mail etc.).<\/p>\n<h3>Retrait de votre consentement au traitement de donn\u00e9es<\/h3>\n<p>Un grand nombre d&#8217;op\u00e9rations de traitement de donn\u00e9es n\u00e9cessite votre consentement expr\u00e8s. Vous avez la possibilit\u00e9 de retirer votre consentement \u00e0 tout moment. Pour cela, il suffit de nous adresser un simple e-mail. Le caract\u00e8re licite du traitement des donn\u00e9es effectu\u00e9 jusqu&#8217;au retrait n&#8217;est pas opposable.<\/p>\n<h3>Droit de r\u00e9clamation aupr\u00e8s de l&#8217;autorit\u00e9 de contr\u00f4le comp\u00e9tente<\/h3>\n<p>En cas de non-respect du droit relatif \u00e0 la protection des donn\u00e9es les personnes concern\u00e9es disposent d&#8217;un droit de r\u00e9clamation aupr\u00e8s de l&#8217;autorit\u00e9 de contr\u00f4le comp\u00e9tente. En Sarre, o\u00f9 se trouve le si\u00e8ge de notre entreprise, le Landesdatenschutzbeauftragter (d\u00e9l\u00e9gu\u00e9 \u00e0 la protection des donn\u00e9es du Land) est l&#8217;autorit\u00e9 de contr\u00f4le comp\u00e9tente pour les questions concernant le droit relatif \u00e0 la protection des donn\u00e9es. Vous trouverez une liste des d\u00e9l\u00e9gu\u00e9s \u00e0 la protection des donn\u00e9es ainsi que leur coordonn\u00e9es sous le lien suivant\u00a0: <a href=\"https:\/\/www.bfdi.bund.de\/DE\/Infothek\/Anschriften_Links\/anschriften_links-node.html\"><strong>https:\/\/www.bfdi.bund.de\/DE\/Infothek\/Anschriften_Links\/anschriften_links-node.html<\/strong><\/a>.<\/p>\n<h3>Droit \u00e0 la portabilit\u00e9 des donn\u00e9es<\/h3>\n<p>Vous avez le droit de recevoir les donn\u00e9es \u00e0 caract\u00e8re personnel que nous traitons automatiquement sur base de votre consentement ou en ex\u00e9cution d&#8217;un contrat dans un format couramment utilis\u00e9 et lisible par machine. La transmission directe des donn\u00e9es \u00e0 un autre responsable de traitement ne sera ex\u00e9cut\u00e9e que si c&#8217;est techniquement possible.<\/p>\n<h3>Cryptage SSL ou TLS<\/h3>\n<p>Pour des raisons de s\u00e9curit\u00e9 et afin de prot\u00e9ger la transmission de contenus confidentiels comme par exemple des commandes ou demandes que vous nous adressez, ce site utilise un cryptage SSL ou TLS. Une connexion crypt\u00e9e est facilement identifiable dans la barre d&#8217;adresse du navigateur qui passe de \u00ab\u00a0http:\/\/\u00a0\u00bb \u00e0 \u00ab\u00a0https:\/\/\u00a0\u00bb et affiche en m\u00eame temps une ic\u00f4ne de verrouillage.<\/p>\n<p>Lorsque le cryptage SSL ou TLS est activ\u00e9, les donn\u00e9es que vous nous transmettez ne peuvent \u00eatre lues par de tiers.<\/p>\n<h3>Information, blocage, effacement<\/h3>\n<p>Dans le cadre de la r\u00e9glementation en vigueur vous avez le droit de recevoir \u00e0 tout moment, gratuitement, des renseignements sur les donn\u00e9es \u00e0 caract\u00e8re personnel enregistr\u00e9es vous concernant, leur origine et destinataires ainsi que la finalit\u00e9 du traitement et, le cas \u00e9ch\u00e9ant, un droit \u00e0 la rectification, au blocage et \u00e0 l&#8217;effacement de ces donn\u00e9es. A cet effet et pour d&#8217;autres questions au sujet des donn\u00e9es \u00e0 caract\u00e8re personnel, vous pouvez vous adresser \u00e0 tout moment \u00e0 l&#8217;adresse indiqu\u00e9e dans les mentions l\u00e9gales.<\/p>\n<h3>Opposition \u00e0 l&#8217;envoi de mails de prospection<\/h3>\n<p>L&#8217;utilisation des donn\u00e9es de contact publi\u00e9es dans les mentions l\u00e9gales pour nous adresser de la publicit\u00e9 ou des informations que nous n&#8217;avons pas express\u00e9ment demand\u00e9es n&#8217;est pas autoris\u00e9e. Le propri\u00e9taire de ce site se r\u00e9serve le droit d&#8217;une poursuite judiciaire dans le cas de l&#8217;envoi non demand\u00e9 d&#8217;informations publicitaires, par exemple \u00e0 travers de Spams.<\/p>\n<h3>3. Collecte de donn\u00e9es sur notre site<\/h3>\n<h3>Cookies<\/h3>\n<p>Les pages de ce site utilisent partiellement des cookies. Ces cookies n\u2019endommagent pas votre ordinateur et ne contiennent pas de virus. Ils sont utilis\u00e9s pour rendre notre offre plus conviviale, plus efficace et plus s\u00fbre. Les cookies sont des petits fichiers texte d\u00e9pos\u00e9s sur votre ordinateur et enregistr\u00e9s par votre navigateur.<\/p>\n<p>La majorit\u00e9 des cookies que nous utilisons sont des cookies de session. Ils sont effac\u00e9s automatiquement \u00e0 la fin de votre visite. D&#8217;autres cookies restent sur votre terminal jusqu&#8217;\u00e0 ce que vous les effaciez. Ces cookies nous permettent de reconna\u00eetre votre navigateur lors de votre prochaine visite.<\/p>\n<p>Vous pouvez adapter les param\u00e8tres de votre navigateur pour \u00eatre inform\u00e9 sur le d\u00e9p\u00f4t de cookies et vous pourrez autoriser ces cookies en certains cas seulement ou les refuser globalement et activer l&#8217;effacement automatique des cookies lors de la fermeture du navigateur. Lorsque vous d\u00e9sactivez les cookies, les fonctionnalit\u00e9s de ce site web peuvent \u00eatre restreintes.<\/p>\n<p>Les cookies n\u00e9cessaires \u00e0 la communication \u00e9lectronique ou pour la mise \u00e0 disposition de certaines fonctions que vous souhaitez (telle que la fonction de panier) sont enregistr\u00e9s conform\u00e9ment aux dispositions de l&#8217;article 6, al. 1, lettre f du RGPD. Le propri\u00e9taire du site web a un int\u00e9r\u00eat l\u00e9gitime d&#8217;enregistrer des cookies pour une mise \u00e0 disposition optimis\u00e9e et techniquement correcte de ses services. Dans la mesure ou d&#8217;autres cookies (p.ex. des cookies analysant votre comportement de navigation) sont enregistr\u00e9s, ceux-ci seront trait\u00e9s s\u00e9par\u00e9ment dans la pr\u00e9sente D\u00e9claration de confidentialit\u00e9.<\/p>\n<h3>Fichier journal du serveur<\/h3>\n<p>L&#8217;h\u00e9bergeur web collecte et conserve automatiquement des informations dans des fichiers journal du serveur, qui nous sont transmises automatiquement par votre navigateur. Il s&#8217;agit des informations suivantes\u00a0:<\/p>\n<ul>\n<li>type de navigateur et version de navigateur<\/li>\n<li>syst\u00e8me d&#8217;exploitation utilis\u00e9<\/li>\n<li>r\u00e9f\u00e9rent URL<\/li>\n<li>nom d&#8217;h\u00f4te de l&#8217;ordinateur connect\u00e9<\/li>\n<li>heure de la demande du serveur<\/li>\n<li>adresse IP<\/li>\n<\/ul>\n<p>Un regroupement de ces donn\u00e9es avec d&#8217;autres sources de donn\u00e9es n&#8217;est pas effectu\u00e9.<\/p>\n<p>Ce traitement de donn\u00e9es est bas\u00e9 sur l&#8217;article 6, al. 1, lettre f du RGPD, qui autorise le traitement de donn\u00e9es dans le cadre de l&#8217;ex\u00e9cution d&#8217;un contrat ou de mesures pr\u00e9contractuelles.<\/p>\n<h3>Formulaire de contact<\/h3>\n<p>Lorsque vous nous transmettez des demandes via notre formulaire de contact, le contenu du formulaire de demande ainsi que les donn\u00e9es de contact que vous y avez saisies sont conserv\u00e9s dans le but de r\u00e9pondre \u00e0 votre demande et pour d&#8217;\u00e9ventuelles questions qui en r\u00e9sultent ult\u00e9rieurement. Nous ne transmettons pas ces donn\u00e9es \u00e0 d&#8217;autres personnes sans votre consentement.<\/p>\n<p>Le traitement des donn\u00e9es saisies dans le formulaire de contact s&#8217;effectue alors exclusivement sur la base de votre consentement (Article 6, al. 1, lettre a RGPD). Vous avez la possibilit\u00e9 de retirer votre consentement \u00e0 tout moment. Pour cela, il suffit de nous adresser un simple e-mail. Le caract\u00e8re licite des op\u00e9rations de traitement des donn\u00e9es effectu\u00e9es jusqu&#8217;au retrait ne sont pas opposables.<\/p>\n<p>Les donn\u00e9es que vous avez saisies dans le formulaire de contact seront conserv\u00e9es par nos soins jusqu&#8217;\u00e0 ce que vous nous demandiez de les effacer, vous retiriez votre consentement \u00e0 leur conservation ou jusqu&#8217;\u00e0 ce que la finalit\u00e9 de cette conservation n&#8217;existe plus (p.ex. apr\u00e8s la fin du traitement de votre demande). Des dispositions l\u00e9gales imp\u00e9rieuses \u2013 notamment les d\u00e9lais de conservation \u2013 n&#8217;en sont pas affect\u00e9es.<\/p>\n","protected":false},"excerpt":{"rendered":"<p>D\u00e9claration de confidentialit\u00e9 1. Aper\u00e7u sommaire sur la protection des donn\u00e9es G\u00e9n\u00e9ralit\u00e9s Les informations suivantes vous donnent un aper\u00e7u de&#8230;<\/p>\n","protected":false},"author":1,"featured_media":0,"parent":0,"menu_order":7,"comment_status":"closed","ping_status":"open","template":"","meta":[],"yoast_head":"<!-- This site is optimized with the Yoast SEO plugin v20.1 - https:\/\/yoast.com\/wordpress\/plugins\/seo\/ -->\n<title>Datenschutz - weissenfels juristische \u00dcbersetzungen<\/title>\n<meta name=\"description\" content=\"Hier erhalten Sie wichtige Informationen zum Datenschutz.\" \/>\n<meta name=\"robots\" content=\"index, follow, max-snippet:-1, max-image-preview:large, max-video-preview:-1\" \/>\n<link rel=\"canonical\" href=\"https:\/\/juristische-uebersetzung.eu\/fr\/protection-des-donnees\/\" \/>\n<meta property=\"og:locale\" content=\"fr_FR\" \/>\n<meta property=\"og:type\" content=\"article\" \/>\n<meta property=\"og:title\" content=\"Datenschutz - weissenfels juristische \u00dcbersetzungen\" \/>\n<meta property=\"og:description\" content=\"Hier erhalten Sie wichtige Informationen zum Datenschutz.\" \/>\n<meta property=\"og:url\" content=\"https:\/\/juristische-uebersetzung.eu\/fr\/protection-des-donnees\/\" \/>\n<meta property=\"og:site_name\" content=\"Renate Wei\u00dfenfels\" \/>\n<meta property=\"article:modified_time\" content=\"2021-10-15T11:57:52+00:00\" \/>\n<meta name=\"twitter:card\" content=\"summary_large_image\" \/>\n<meta name=\"twitter:label1\" content=\"Dur\u00e9e de lecture estim\u00e9e\" \/>\n\t<meta name=\"twitter:data1\" content=\"8 minutes\" \/>\n<script type=\"application\/ld+json\" class=\"yoast-schema-graph\">{\"@context\":\"https:\/\/schema.org\",\"@graph\":[{\"@type\":\"WebPage\",\"@id\":\"https:\/\/juristische-uebersetzung.eu\/fr\/protection-des-donnees\/\",\"url\":\"https:\/\/juristische-uebersetzung.eu\/fr\/protection-des-donnees\/\",\"name\":\"Datenschutz - weissenfels juristische \u00dcbersetzungen\",\"isPartOf\":{\"@id\":\"https:\/\/juristische-uebersetzung.eu\/fr\/#website\"},\"datePublished\":\"2021-10-07T10:05:54+00:00\",\"dateModified\":\"2021-10-15T11:57:52+00:00\",\"description\":\"Hier erhalten Sie wichtige Informationen zum Datenschutz.\",\"breadcrumb\":{\"@id\":\"https:\/\/juristische-uebersetzung.eu\/fr\/protection-des-donnees\/#breadcrumb\"},\"inLanguage\":\"fr-FR\",\"potentialAction\":[{\"@type\":\"ReadAction\",\"target\":[\"https:\/\/juristische-uebersetzung.eu\/fr\/protection-des-donnees\/\"]}]},{\"@type\":\"BreadcrumbList\",\"@id\":\"https:\/\/juristische-uebersetzung.eu\/fr\/protection-des-donnees\/#breadcrumb\",\"itemListElement\":[{\"@type\":\"ListItem\",\"position\":1,\"name\":\"Startseite\",\"item\":\"https:\/\/juristische-uebersetzung.eu\/fr\/\"},{\"@type\":\"ListItem\",\"position\":2,\"name\":\"Protection des donn\u00e9es\"}]},{\"@type\":\"WebSite\",\"@id\":\"https:\/\/juristische-uebersetzung.eu\/fr\/#website\",\"url\":\"https:\/\/juristische-uebersetzung.eu\/fr\/\",\"name\":\"Renate Wei\u00dfenfels\",\"description\":\"Juristische \u00dcbersetzungen franz\u00f6sisch deutsch\",\"potentialAction\":[{\"@type\":\"SearchAction\",\"target\":{\"@type\":\"EntryPoint\",\"urlTemplate\":\"https:\/\/juristische-uebersetzung.eu\/fr\/?s={search_term_string}\"},\"query-input\":\"required name=search_term_string\"}],\"inLanguage\":\"fr-FR\"}]}<\/script>\n<!-- \/ Yoast SEO plugin. -->","yoast_head_json":{"title":"Datenschutz - weissenfels juristische \u00dcbersetzungen","description":"Hier erhalten Sie wichtige Informationen zum Datenschutz.","robots":{"index":"index","follow":"follow","max-snippet":"max-snippet:-1","max-image-preview":"max-image-preview:large","max-video-preview":"max-video-preview:-1"},"canonical":"https:\/\/juristische-uebersetzung.eu\/fr\/protection-des-donnees\/","og_locale":"fr_FR","og_type":"article","og_title":"Datenschutz - weissenfels juristische \u00dcbersetzungen","og_description":"Hier erhalten Sie wichtige Informationen zum Datenschutz.","og_url":"https:\/\/juristische-uebersetzung.eu\/fr\/protection-des-donnees\/","og_site_name":"Renate Wei\u00dfenfels","article_modified_time":"2021-10-15T11:57:52+00:00","twitter_card":"summary_large_image","twitter_misc":{"Dur\u00e9e de lecture estim\u00e9e":"8 minutes"},"schema":{"@context":"https:\/\/schema.org","@graph":[{"@type":"WebPage","@id":"https:\/\/juristische-uebersetzung.eu\/fr\/protection-des-donnees\/","url":"https:\/\/juristische-uebersetzung.eu\/fr\/protection-des-donnees\/","name":"Datenschutz - weissenfels juristische \u00dcbersetzungen","isPartOf":{"@id":"https:\/\/juristische-uebersetzung.eu\/fr\/#website"},"datePublished":"2021-10-07T10:05:54+00:00","dateModified":"2021-10-15T11:57:52+00:00","description":"Hier erhalten Sie wichtige Informationen zum Datenschutz.","breadcrumb":{"@id":"https:\/\/juristische-uebersetzung.eu\/fr\/protection-des-donnees\/#breadcrumb"},"inLanguage":"fr-FR","potentialAction":[{"@type":"ReadAction","target":["https:\/\/juristische-uebersetzung.eu\/fr\/protection-des-donnees\/"]}]},{"@type":"BreadcrumbList","@id":"https:\/\/juristische-uebersetzung.eu\/fr\/protection-des-donnees\/#breadcrumb","itemListElement":[{"@type":"ListItem","position":1,"name":"Startseite","item":"https:\/\/juristische-uebersetzung.eu\/fr\/"},{"@type":"ListItem","position":2,"name":"Protection des donn\u00e9es"}]},{"@type":"WebSite","@id":"https:\/\/juristische-uebersetzung.eu\/fr\/#website","url":"https:\/\/juristische-uebersetzung.eu\/fr\/","name":"Renate Wei\u00dfenfels","description":"Juristische \u00dcbersetzungen franz\u00f6sisch deutsch","potentialAction":[{"@type":"SearchAction","target":{"@type":"EntryPoint","urlTemplate":"https:\/\/juristische-uebersetzung.eu\/fr\/?s={search_term_string}"},"query-input":"required name=search_term_string"}],"inLanguage":"fr-FR"}]}},"_links":{"self":[{"href":"https:\/\/juristische-uebersetzung.eu\/fr\/wp-json\/wp\/v2\/pages\/2667"}],"collection":[{"href":"https:\/\/juristische-uebersetzung.eu\/fr\/wp-json\/wp\/v2\/pages"}],"about":[{"href":"https:\/\/juristische-uebersetzung.eu\/fr\/wp-json\/wp\/v2\/types\/page"}],"author":[{"embeddable":true,"href":"https:\/\/juristische-uebersetzung.eu\/fr\/wp-json\/wp\/v2\/users\/1"}],"replies":[{"embeddable":true,"href":"https:\/\/juristische-uebersetzung.eu\/fr\/wp-json\/wp\/v2\/comments?post=2667"}],"version-history":[{"count":0,"href":"https:\/\/juristische-uebersetzung.eu\/fr\/wp-json\/wp\/v2\/pages\/2667\/revisions"}],"wp:attachment":[{"href":"https:\/\/juristische-uebersetzung.eu\/fr\/wp-json\/wp\/v2\/media?parent=2667"}],"curies":[{"name":"wp","href":"https:\/\/api.w.org\/{rel}","templated":true}]}}